{"id":1186,"date":"2020-04-16T16:51:15","date_gmt":"2020-04-16T16:51:15","guid":{"rendered":"http:\/\/new2020.arc-bonn.de\/?page_id=1186"},"modified":"2025-11-19T17:22:15","modified_gmt":"2025-11-19T17:22:15","slug":"impressum","status":"publish","type":"page","link":"https:\/\/arc-bonn.de\/?page_id=1186","title":{"rendered":"Impressum"},"content":{"rendered":"\t\t<div data-elementor-type=\"wp-page\" data-elementor-id=\"1186\" class=\"elementor elementor-1186\">\n\t\t\t\t\t\t<div class=\"elementor-inner\">\n\t\t\t\t<div class=\"elementor-section-wrap\">\n\t\t\t\t\t\t\t\t\t<section class=\"elementor-section elementor-top-section elementor-element elementor-element-4fafab23 elementor-section-boxed elementor-section-height-default elementor-section-height-default\" data-id=\"4fafab23\" data-element_type=\"section\">\n\t\t\t\t\t\t<div class=\"elementor-container elementor-column-gap-default\">\n\t\t\t\t\t\t\t<div class=\"elementor-row\">\n\t\t\t\t\t<div class=\"elementor-column elementor-col-100 elementor-top-column elementor-element elementor-element-2626ae94\" data-id=\"2626ae94\" data-element_type=\"column\">\n\t\t\t<div class=\"elementor-column-wrap elementor-element-populated\">\n\t\t\t\t\t\t\t<div class=\"elementor-widget-wrap\">\n\t\t\t\t\t\t<div class=\"elementor-element elementor-element-f3a5138 elementor-widget elementor-widget-text-editor\" data-id=\"f3a5138\" data-element_type=\"widget\" data-widget_type=\"text-editor.default\">\n\t\t\t\t<div class=\"elementor-widget-container\">\n\t\t\t\t\t\t\t\t<div class=\"elementor-text-editor elementor-clearfix\">\n\t\t\t\t<header>\n<h1>Impressum<\/h1>\n<\/header>\n<div>\n<p>Angaben gem\u00e4\u00df \u00a7 5&nbsp;TMG:<\/p>\n<p>ARC Bonn e. V.<br>c\/o Vorsitzende<br>Dr. Angela Turck<br>Panoramaweg 16<br>53639 K\u00f6nigswinter<\/p>\n<h2>Kontakt:<\/h2>\n<p>Tel.: 0160 \u2014 15 39 259<br>E\u2011Mail: angela.turck@arc-bonn.de<\/p>\n<h2>Vertreten durch:<\/h2>\n<p>Dr. Angela Turck (Vorsitzende), Martina Wehr (Gesch\u00e4ftsf\u00fchrende Vorsitzende)<\/p>\n<h2>Registereintrag:<\/h2>\n<p>Eintragung im Vereinsregister.<br>Registergericht:&nbsp;Amtsgericht Bonn<br>Registernummer:&nbsp;VR 4298<\/p>\n<h2>Redaktionell Verantwortlich:<\/h2>\n<div class=\"page\" title=\"Page 2\">\n<div class=\"section\">\n<div class=\"layoutArea\">\n<div class=\"column\">\n<p>Dr. Angela Turck <br>Panoramaweg 16 <br>53639 Ko\u0308nigswinter<\/p>\n<div class=\"page\" title=\"Page 2\">\n<div class=\"section\">\n<div class=\"layoutArea\">\n<div class=\"column\">\n<h2>EU-Streitschlichtung<\/h2>\n<p>Die Europa\u0308ische Kommission stellt eine Plattform zur Online-Streitbeilegung (OS) bereit: https:\/\/ec.europa.eu\/consumers\/odr.<br>Unsere E\u2011Mail-Adresse fin\u00adden Sie oben im Impressum.<\/p>\n<h2>Verbraucherstreitbeilegung\/Universalschlichtungsstelle<\/h2>\n<p>Wir sind nicht bereit oder ver\u00adpflich\u00adtet, an Streitbeilegungsverfahren vor einer Verbraucherschlichtungsstelle teilzunehmen.<\/p>\n<\/div>\n<\/div>\n<\/div>\n<\/div>\n<\/div>\n<\/div>\n<\/div>\n<\/div>\n<h2>Quellenangaben f\u00fcr die verwendeten Bilder und Grafiken:<\/h2>\n<p>ARC Bonn e.V., foto\u00adlia, Angela Turck<\/p>\n<h2>Haftungsausschluss:<\/h2>\n<p><strong>Haftung f\u00fcr Inhalte<\/strong><\/p>\n<div class=\"page\" title=\"Page 3\">\n<div class=\"section\">\n<div class=\"layoutArea\">\n<div class=\"column\">\n<p>Als Diensteanbieter sind wir gema\u0308\u00df \u00a7 7 Abs.1 TMG fu\u0308r eige\u00adne Inhalte auf die\u00adsen Seiten nach den all\u00adge\u00admei\u00adnen Gesetzen ver\u00adant\u00adwort\u00adlich. Nach \u00a7\u00a7 8 bis 10 TMG sind wir als Diensteanbieter jedoch nicht ver\u00adpflich\u00adtet, u\u0308bermittelte oder gespei\u00adcher\u00adte frem\u00adde Informationen zu u\u0308berwachen oder nach Umsta\u0308nden zu for\u00adschen, die auf eine rechts\u00adwid\u00adri\u00adge Ta\u0308tigkeit hinweisen.<\/p>\n<p>Verpflichtungen zur Entfernung oder Sperrung der Nutzung von Informationen nach den all\u00adge\u00admei\u00adnen Gesetzen blei\u00adben hier\u00advon unberu\u0308hrt. Eine diesbezu\u0308gliche Haftung ist jedoch erst ab dem Zeitpunkt der Kenntnis einer kon\u00adkre\u00adten Rechtsverletzung mo\u0308glich. Bei Bekanntwerden von ent\u00adspre\u00adchen\u00adden Rechtsverletzungen wer\u00adden wir die\u00adse Inhalte umge\u00adhend entfernen.<\/p>\n<\/div>\n<\/div>\n<\/div>\n<\/div>\n<p><strong>Haftung f\u00fcr&nbsp;Links<\/strong><\/p>\n<div class=\"page\" title=\"Page 3\">\n<div class=\"section\">\n<div class=\"layoutArea\">\n<div class=\"column\">\n<p>Unser Angebot entha\u0308lt Links zu exter\u00adnen Websites Dritter, auf deren Inhalte wir kei\u00adnen Einfluss haben. Deshalb ko\u0308nnen wir fu\u0308r die\u00adse frem\u00adden Inhalte auch kei\u00adne Gewa\u0308hr u\u0308bernehmen. Fu\u0308r die Inhalte der ver\u00adlink\u00adten Seiten ist stets der jewei\u00adli\u00adge Anbieter oder Betreiber der Seiten ver\u00adant\u00adwort\u00adlich. Die ver\u00adlink\u00adten Seiten wur\u00adden zum Zeitpunkt der Verlinkung auf mo\u0308gliche Rechtsversto\u0308\u00dfe u\u0308berpru\u0308ft. Rechtswidrige Inhalte waren zum Zeitpunkt der Verlinkung nicht erkennbar.<\/p>\n<p>Eine per\u00adma\u00adnen\u00adte inhalt\u00adli\u00adche Kontrolle der ver\u00adlink\u00adten Seiten ist jedoch ohne kon\u00adkre\u00adte Anhaltspunkte einer Rechtsverletzung nicht zumut\u00adbar. Bei Bekanntwerden von Rechtsverletzungen wer\u00adden wir der\u00adar\u00adti\u00adge Links umge\u00adhend entfernen.<\/p>\n<\/div>\n<\/div>\n<\/div>\n<\/div>\n<p><strong>Urheberrecht<\/strong><\/p>\n<div class=\"page\" title=\"Page 3\">\n<div class=\"section\">\n<div class=\"layoutArea\">\n<div class=\"column\">\n<p>Die durch die Seitenbetreiber erstell\u00adten Inhalte und Werke auf die\u00adsen Seiten unter\u00adlie\u00adgen dem deut\u00adschen Urheberrecht. Die Vervielfa\u0308ltigung, Bearbeitung, Verbreitung und jede Art der Verwertung au\u00dfer\u00adhalb der Grenzen des Urheberrechtes bedu\u0308rfen der schrift\u00adli\u00adchen Zustimmung des jewei\u00adli\u00adgen Autors bzw. Erstellers. Downloads und Kopien die\u00adser Seite sind nur fu\u0308r den pri\u00adva\u00adten, nicht kom\u00admer\u00adzi\u00adel\u00adlen Gebrauch gestattet.<\/p>\n<p>Soweit die Inhalte auf die\u00adser Seite nicht vom Betreiber erstellt wur\u00adden, wer\u00adden die Urheberrechte Dritter beach\u00adtet. Insbesondere wer\u00adden Inhalte Dritter als sol\u00adche gekenn\u00adzeich\u00adnet. Sollten Sie trotz\u00addem auf eine Urheberrechtsverletzung auf\u00admerk\u00adsam wer\u00adden, bit\u00adten wir um einen ent\u00adspre\u00adchen\u00adden Hinweis. Bei Bekanntwerden von Rechtsverletzungen wer\u00adden wir der\u00adar\u00adti\u00adge Inhalte umge\u00adhend entfernen.<\/p>\n<\/div>\n<\/div>\n<\/div>\n<\/div>\n<p><strong>Datenschutz<\/strong><\/p>\n<p>Die Nutzung unse\u00adrer Webseite ist in der Regel ohne Angabe per\u00adso\u00adnen\u00adbe\u00adzo\u00adge\u00adner Daten m\u00f6g\u00adlich. Soweit auf unse\u00adren Seiten per\u00adso\u00adnen\u00adbe\u00adzo\u00adge\u00adne Daten (bei\u00adspiels\u00adwei\u00adse Name, Anschrift oder eMail-Adressen) erho\u00adben wer\u00adden, erfolgt dies, soweit m\u00f6g\u00adlich, stets auf frei\u00adwil\u00adli\u00adger Basis. Diese Daten wer\u00adden ohne Ihre aus\u00addr\u00fcck\u00adli\u00adche Zustimmung nicht an Dritte weitergegeben.<\/p>\n<p>Wir wei\u00adsen dar\u00adauf hin, dass die Daten\u00fcbertragung im Internet (z.B. bei der Kommunikation per E\u2011Mail) Sicherheitsl\u00fccken auf\u00adwei\u00adsen kann. Ein l\u00fccken\u00adlo\u00adser Schutz der Daten vor dem Zugriff durch Dritte ist nicht m\u00f6glich.<\/p>\n<p>Der Nutzung von im Rahmen der Impressumspflicht ver\u00ad\u00f6f\u00adfent\u00adlich\u00adten Kontaktdaten durch Dritte zur \u00dcbersendung von nicht aus\u00addr\u00fcck\u00adlich ange\u00adfor\u00adder\u00adter Werbung und Informationsmaterialien wird hier\u00admit aus\u00addr\u00fcck\u00adlich wider\u00adspro\u00adchen. Die Betreiber der Seiten behal\u00adten sich aus\u00addr\u00fcck\u00adlich recht\u00adli\u00adche Schritte im Falle der unver\u00adlang\u00adten Zusendung von Werbeinformationen, etwa durch Spam-Mails, vor.<\/p>\n<p><strong>Datenschutzerkl\u00e4rung f\u00fcr die Nutzung von Facebook-Plugins (Like-Button)<\/strong><\/p>\n<p>Auf unse\u00adren Seiten sind Plugins des sozia\u00adlen Netzwerks Facebook, 1601 South California Avenue, Palo Alto, CA 94304, USA inte\u00adgriert. Die Facebook-Plugins erken\u00adnen Sie an dem Facebook-Logo oder dem \u201eLike-Button\u201c (\u201eGef\u00e4llt mir\u201c) auf unse\u00adrer Seite. Eine \u00dcbersicht \u00fcber die Facebook-Plugins fin\u00adden Sie hier: <a href=\"http:\/\/developers.facebook.com\/docs\/plugins\/\" target=\"_blank\" rel=\"noopener noreferrer\">http:\/\/developers.facebook.com\/docs\/plugins\/<\/a>.<br>Wenn Sie unse\u00adre Seiten besu\u00adchen, wird \u00fcber das Plugin eine direk\u00adte Verbindung zwi\u00adschen Ihrem Browser und dem Facebook-Server her\u00adge\u00adstellt. Facebook erh\u00e4lt dadurch die Information, dass Sie mit Ihrer IP-Adresse unse\u00adre Seite besucht haben. Wenn Sie den Facebook \u201eLike-Button\u201c ankli\u00adcken w\u00e4h\u00adrend Sie in Ihrem Facebook-Account ein\u00adge\u00adloggt sind, k\u00f6n\u00adnen Sie die Inhalte unse\u00adrer Seiten auf Ihrem Facebook-Profil ver\u00adlin\u00adken. Dadurch kann Facebook den Besuch unse\u00adrer Seiten Ihrem Benutzerkonto zuord\u00adnen. Wir wei\u00adsen dar\u00adauf hin, dass wir als Anbieter der Seiten kei\u00adne Kenntnis vom Inhalt der \u00fcber\u00admit\u00adtel\u00adten Daten sowie deren Nutzung durch Facebook erhal\u00adten. Weitere Informationen hier\u00adzu fin\u00adden Sie in der Datenschutzerkl\u00e4rung von face\u00adbook unter <a href=\"http:\/\/de-de.facebook.com\/policy.php\" target=\"_blank\" rel=\"noopener noreferrer\"> http:\/\/de-de.facebook.com\/policy.php<\/a><\/p>\n<p>Wenn Sie nicht w\u00fcn\u00adschen, dass Facebook den Besuch unse\u00adrer Seiten Ihrem Facebook-Nutzerkonto zuord\u00adnen kann, log\u00adgen Sie sich bit\u00adte aus Ihrem Facebook-Benutzerkonto aus.<\/p>\n<p><strong>Datenschutzerkl\u00e4rung f\u00fcr die Nutzung von Google Analytics<\/strong><\/p>\n<p>Diese Website benutzt Google Analytics, einen Webanalysedienst der Google Inc. (\u201eGoogle\u201c). Google Analytics ver\u00adwen\u00addet sog. \u201eCookies\u201c, Textdateien, die auf Ihrem Computer gespei\u00adchert wer\u00adden und die eine Analyse der Benutzung der Website durch Sie erm\u00f6g\u00adli\u00adchen. Die durch den Cookie erzeug\u00adten Informationen \u00fcber Ihre Benutzung die\u00adser Website wer\u00adden in der Regel an einen Server von Google in den USA \u00fcber\u00adtra\u00adgen und dort gespei\u00adchert. Im Falle der Aktivierung der IP-Anonymisierung auf die\u00adser Webseite wird Ihre IP-Adresse von Google jedoch inner\u00adhalb von Mitgliedstaaten der Europ\u00e4ischen Union oder in ande\u00adren Vertragsstaaten des Abkommens \u00fcber den Europ\u00e4ischen Wirtschaftsraum zuvor gek\u00fcrzt.<\/p>\n<p>Nur in Ausnahmef\u00e4llen wird die vol\u00adle IP-Adresse an einen Server von Google in den USA \u00fcber\u00adtra\u00adgen und dort gek\u00fcrzt. Im Auftrag des Betreibers die\u00adser Website wird Google die\u00adse Informationen benut\u00adzen, um Ihre Nutzung der Website aus\u00adzu\u00adwer\u00adten, um Reports \u00fcber die Websiteaktivit\u00e4ten zusam\u00admen\u00adzu\u00adstel\u00adlen und um wei\u00adte\u00adre mit der Websitenutzung und der Internetnutzung ver\u00adbun\u00adde\u00adne Dienstleistungen gegen\u00ad\u00fcber dem Websitebetreiber zu erbrin\u00adgen. Die im Rahmen von Google Analytics von Ihrem Browser \u00fcber\u00admit\u00adtel\u00adte IP-Adresse wird nicht mit ande\u00adren Daten von Google zusammengef\u00fchrt.<\/p>\n<p>Sie k\u00f6n\u00adnen die Speicherung der Cookies durch eine ent\u00adspre\u00adchen\u00adde Einstellung Ihrer Browser-Software ver\u00adhin\u00addern; wir wei\u00adsen Sie jedoch dar\u00adauf hin, dass Sie in die\u00adsem Fall gege\u00adbe\u00adnen\u00adfalls nicht s\u00e4mt\u00adli\u00adche Funktionen die\u00adser Website voll\u00adum\u00adf\u00e4ng\u00adlich wer\u00adden nut\u00adzen k\u00f6n\u00adnen. Sie k\u00f6n\u00adnen dar\u00ad\u00fcber hin\u00adaus die Erfassung der durch das Cookie erzeug\u00adten und auf Ihre Nutzung der Website bezo\u00adge\u00adnen Daten (inkl. Ihrer IP-Adresse) an Google sowie die Verarbeitung die\u00adser Daten durch Google ver\u00adhin\u00addern, indem sie das unter dem fol\u00adgen\u00adden Link ver\u00adf\u00fcg\u00adba\u00adre Browser-Plugin her\u00adun\u00adter\u00adla\u00adden und instal\u00adlie\u00adren: <a href=\"http:\/\/tools.google.com\/dlpage\/gaoptout?hl=de\">http:\/\/tools.google.com\/dlpage\/gaoptout?hl=de<\/a>.<\/p>\n<p><strong>Datenschutzerkl\u00e4rung f\u00fcr die Nutzung von Google Adsense<\/strong><\/p>\n<p>Diese Website benutzt Google AdSense, einen Dienst zum Einbinden von Werbeanzeigen der Google Inc. (\u201eGoogle\u201c). Google AdSense ver\u00adwen\u00addet sog. \u201eCookies\u201c, Textdateien, die auf Ihrem Computer gespei\u00adchert wer\u00adden und die eine Analyse der Benutzung der Website erm\u00f6g\u00adlicht. Google AdSense ver\u00adwen\u00addet auch so genann\u00adte Web Beacons (unsicht\u00adba\u00adre Grafiken). Durch die\u00adse Web Beacons k\u00f6n\u00adnen Informationen wie der Besucherverkehr auf die\u00adsen Seiten aus\u00adge\u00adwer\u00adtet werden.<\/p>\n<p>Die durch Cookies und Web Beacons erzeug\u00adten Informationen \u00fcber die Benutzung die\u00adser Website (ein\u00adschlie\u00df\u00adlich Ihrer IP-Adresse) und Auslieferung von Werbeformaten wer\u00adden an einen Server von Google in den USA \u00fcber\u00adtra\u00adgen und dort gespei\u00adchert. Diese Informationen k\u00f6n\u00adnen von Google an Vertragspartner von Google wei\u00adter gege\u00adben wer\u00adden. Google wird Ihre IP-Adresse jedoch nicht mit ande\u00adren von Ihnen gespei\u00adcher\u00adten Daten zusammenf\u00fchren.<\/p>\n<p>Sie k\u00f6n\u00adnen die Installation der Cookies durch eine ent\u00adspre\u00adchen\u00adde Einstellung Ihrer Browser Software ver\u00adhin\u00addern; wir wei\u00adsen Sie jedoch dar\u00adauf hin, dass Sie in die\u00adsem Fall gege\u00adbe\u00adnen\u00adfalls nicht s\u00e4mt\u00adli\u00adche Funktionen die\u00adser Website voll umf\u00e4ng\u00adlich nut\u00adzen k\u00f6n\u00adnen. Durch die Nutzung die\u00adser Website erkl\u00e4\u00adren Sie sich mit der Bearbeitung der \u00fcber Sie erho\u00adbe\u00adnen Daten durch Google in der zuvor beschrie\u00adbe\u00adnen Art und Weise und zu dem zuvor benann\u00adten Zweck einverstanden.<\/p>\n<p><strong>Datenschutzerkl\u00e4rung f\u00fcr die Nutzung von Google +1<\/strong><\/p>\n<p><i>Erfassung und Weitergabe von Informationen:<\/i><br>Mithilfe der Google +1\u2011Schaltfl\u00e4che k\u00f6n\u00adnen Sie Informationen welt\u00adweit ver\u00ad\u00f6f\u00adfent\u00adli\u00adchen. \u00fcber die Google +1\u2011Schaltfl\u00e4che erhal\u00adten Sie und ande\u00adre Nutzer per\u00adso\u00adna\u00adli\u00adsier\u00adte Inhalte von Google und unse\u00adren Partnern. Google spei\u00adchert sowohl die Information, dass Sie f\u00fcr einen Inhalt +1 gege\u00adben haben, als auch Informationen \u00fcber die Seite, die Sie beim Klicken auf +1 ange\u00adse\u00adhen haben. Ihre +1 k\u00f6n\u00adnen als Hinweise zusam\u00admen mit Ihrem Profilnamen und Ihrem Foto in Google-Diensten, wie etwa in Suchergebnissen oder in Ihrem Google-Profil, oder an ande\u00adren Stellen auf Websites und Anzeigen im Internet ein\u00adge\u00adblen\u00addet wer\u00adden.<br>Google zeich\u00adnet Informationen \u00fcber Ihre +1\u2011Aktivit\u00e4ten auf, um die Google-Dienste f\u00fcr Sie und ande\u00adre zu ver\u00adbes\u00adsern. Um die Google +1\u2011Schaltfl\u00e4che ver\u00adwen\u00adden zu k\u00f6n\u00adnen, ben\u00f6\u00adti\u00adgen Sie ein welt\u00adweit sicht\u00adba\u00adres, \u00f6ffent\u00adli\u00adches Google-Profil, das zumin\u00addest den f\u00fcr das Profil gew\u00e4hl\u00adten Namen ent\u00adhal\u00adten muss. Dieser Name wird in allen Google-Diensten ver\u00adwen\u00addet. In man\u00adchen F\u00e4llen kann die\u00adser Name auch einen ande\u00adren Namen erset\u00adzen, den Sie beim Teilen von Inhalten \u00fcber Ihr Google-Konto ver\u00adwen\u00addet haben. Die Identit\u00e4t Ihres Google-Profils kann Nutzern ange\u00adzeigt wer\u00adden, die Ihre E\u2011Mail-Adresse ken\u00adnen oder \u00fcber ande\u00adre iden\u00adti\u00adfi\u00adzie\u00adren\u00adde Informationen von Ihnen verf\u00fcgen.<\/p>\n<p><i>Verwendung der erfass\u00adten Informationen:<\/i><br>Neben den oben erl\u00e4u\u00adter\u00adten Verwendungszwecken wer\u00adden die von Ihnen bereit\u00adge\u00adstell\u00adten Informationen gem\u00e4\u00df den gel\u00adten\u00adden Google-Datenschutzbestimmungen genutzt. Google ver\u00ad\u00f6f\u00adfent\u00adlicht m\u00f6g\u00adli\u00adcher\u00adwei\u00adse zusam\u00admen\u00adge\u00adfass\u00adte Statistiken \u00fcber die +1\u2011Aktivit\u00e4ten der Nutzer bzw. gibt die\u00adse an Nutzer und Partner wei\u00adter, wie etwa Publisher, Inserenten oder ver\u00adbun\u00adde\u00adne Websites.<\/p>\n<p><strong>Datenschutzerkl\u00e4rung f\u00fcr die Nutzung von Twitter<\/strong><\/p>\n<p>Auf unse\u00adren Seiten sind Funktionen des Dienstes Twitter ein\u00adge\u00adbun\u00adden. Diese Funktionen wer\u00adden ange\u00adbo\u00adten durch die Twitter Inc., Twitter, Inc. 1355 Market St, Suite 900, San Francisco, CA 94103, USA. Durch das Benutzen von Twitter und der Funktion \u201eRe-Tweet\u201c wer\u00adden die von Ihnen besuch\u00adten Webseiten mit Ihrem Twitter-Account ver\u00adkn\u00fcpft und ande\u00adren Nutzern bekannt gege\u00adben. Dabei wer\u00adden auch Daten an Twitter \u00fcbertragen.<\/p>\n<p>Wir wei\u00adsen dar\u00adauf hin, dass wir als Anbieter der Seiten kei\u00adne Kenntnis vom Inhalt der \u00fcber\u00admit\u00adtel\u00adten Daten sowie deren Nutzung durch Twitter erhal\u00adten. Weitere Informationen hier\u00adzu fin\u00adden Sie in der Datenschutzerkl\u00e4rung von Twitter unter <a href=\"http:\/\/twitter.com\/privacy\" target=\"_blank\" rel=\"noopener noreferrer\">http:\/\/twitter.com\/privacy<\/a>.<\/p>\n<p>Ihre Datenschutzeinstellungen bei Twitter k\u00f6n\u00adnen Sie in den Konto-Einstellungen unter <a href=\"http:\/\/twitter.com\/account\/settings\" target=\"_blank\" rel=\"noopener noreferrer\">http:\/\/twitter.com\/account\/settings<\/a> \u00e4ndern.<\/p>\n<p><i>Quellen: <a href=\"http:\/\/www.e-recht24.de\/muster-disclaimer.htm\" target=\"_blank\" rel=\"noopener noreferrer\">Disclaimer eRecht24<\/a>, <a href=\"http:\/\/www.e-recht24.de\/artikel\/datenschutz\/6590-facebook-like-button-datenschutz-disclaimer.html\" target=\"_blank\" rel=\"noopener noreferrer\">Facebook Datenschutzerkl\u00e4rung<\/a>, <a href=\"http:\/\/www.google.com\/intl\/de\/analytics\/privacyoverview.html\" target=\"_blank\" rel=\"noopener noreferrer\">Google Analytics Datenschutzerkl\u00e4rung<\/a>, <a href=\"http:\/\/www.e-recht24.de\/artikel\/datenschutz\/6635-datenschutz-rechtliche-risiken-bei-der-nutzung-von-google-analytics-und-googleadsense.html\" target=\"_blank\" rel=\"noopener noreferrer\">Google Adsense Datenschutzerkl\u00e4rung<\/a>, <a href=\"http:\/\/www.google.com\/intl\/de\/+\/policy\/+1button.html\" target=\"_blank\" rel=\"noopener noreferrer\">Google +1 Bedingungen<\/a>, <a href=\"http:\/\/twitter.com\/privacy\" target=\"_blank\" rel=\"noopener noreferrer\">Twitter Datenschutzerkl\u00e4rung<\/a><\/i><\/p>\n<\/div>\t\t\t\t\t<\/div>\n\t\t\t\t\t\t<\/div>\n\t\t\t\t<\/div>\n\t\t\t\t\t\t<\/div>\n\t\t\t\t\t<\/div>\n\t\t<\/div>\n\t\t\t\t\t\t\t\t<\/div>\n\t\t\t\t\t<\/div>\n\t\t<\/section>\n\t\t\t\t\t\t\t\t\t<\/div>\n\t\t\t<\/div>\n\t\t\t\t\t<\/div>\n\t\t","protected":false},"excerpt":{"rendered":"<p>Impressum Angaben gem\u00e4\u00df \u00a7 5&nbsp;TMG: ARC Bonn e. V.c\/o VorsitzendeDr. Angela TurckPanoramaweg 1653639 K\u00f6nigswinter Kontakt: Tel.: 0160 \u2014 15 39 259E\u2011Mail: angela.turck@arc-bonn.de Vertreten durch: Dr. Angela Turck (Vorsitzende), Martina Wehr (Gesch\u00e4ftsf\u00fchrende Vorsitzende) Registereintrag: Eintragung im Vereinsregister.Registergericht:&nbsp;Amtsgericht BonnRegisternummer:&nbsp;VR 4298 Redaktionell Verantwortlich: Dr. Angela Turck Panoramaweg 16 53639 Ko\u0308nigswinter EU-Streitschlichtung Die Europa\u0308ische Kommission stellt eine Plattform zur&nbsp;[\u2026]<\/p>\n","protected":false},"author":1,"featured_media":0,"parent":0,"menu_order":0,"comment_status":"closed","ping_status":"closed","template":"","meta":{"wp_typography_post_enhancements_disabled":false},"_links":{"self":[{"href":"https:\/\/arc-bonn.de\/index.php?rest_route=\/wp\/v2\/pages\/1186"}],"collection":[{"href":"https:\/\/arc-bonn.de\/index.php?rest_route=\/wp\/v2\/pages"}],"about":[{"href":"https:\/\/arc-bonn.de\/index.php?rest_route=\/wp\/v2\/types\/page"}],"author":[{"embeddable":true,"href":"https:\/\/arc-bonn.de\/index.php?rest_route=\/wp\/v2\/users\/1"}],"replies":[{"embeddable":true,"href":"https:\/\/arc-bonn.de\/index.php?rest_route=%2Fwp%2Fv2%2Fcomments&post=1186"}],"version-history":[{"count":27,"href":"https:\/\/arc-bonn.de\/index.php?rest_route=\/wp\/v2\/pages\/1186\/revisions"}],"predecessor-version":[{"id":2445,"href":"https:\/\/arc-bonn.de\/index.php?rest_route=\/wp\/v2\/pages\/1186\/revisions\/2445"}],"wp:attachment":[{"href":"https:\/\/arc-bonn.de\/index.php?rest_route=%2Fwp%2Fv2%2Fmedia&parent=1186"}],"curies":[{"name":"wp","href":"https:\/\/api.w.org\/{rel}","templated":true}]}}